{"id":424,"date":"2025-10-31T06:21:37","date_gmt":"2025-10-31T06:21:37","guid":{"rendered":"https:\/\/sustainable-impact-tool.ch\/condizioni-generali-cg\/"},"modified":"2025-11-10T17:48:00","modified_gmt":"2025-11-10T17:48:00","slug":"condizioni-generali-cg","status":"publish","type":"page","link":"https:\/\/sustainable-impact-tool.info\/it\/condizioni-generali-cg\/","title":{"rendered":"Condizioni generali (CG)"},"content":{"rendered":"<ol>\n<li>\n<h3>Ambito di applicazione<\/h3>\n<p>Le presenti Condizioni generali (\u00abCG\u00bb) si applicano all\u2019ambito di attivit\u00e0 di acting responsibly AG, Blumenrain 50, 2503 Biel\/Bienne (CHE-488.297.367, di seguito \u00abazienda\u00bb) e, in particolare, all\u2019utilizzo del cosiddetto Sustainable Impact Tool (di seguito \u00abSIT\u00bb). L\u2019azienda possiede e gestisce la piattaforma www.sustainable-events.com (di seguito \u00abpiattaforma\u00bb) ed eroga tramite essa servizi a pagamento e gratuiti. L\u2019azienda offre inoltre servizi di consulenza.  <\/p>\n<p>Le presenti CG si applicano agli ambiti di cui sopra e agli altri servizi che l\u2019azienda eroga direttamente e indirettamente alla clientela.<\/li>\n<li>\n<h3>Obblighi dell\u2019azienda<\/h3>\n<ol>\n<li>\n<h3>Erogazione dei servizi<\/h3>\n<p>Salvo diverso accordo nei singoli casi, l\u2019azienda adempie ai propri obblighi contrattuali erogando i servizi concordati pubblicati online al momento della stipula del contratto.<br \/>\nLa maggior parte dei servizi dell\u2019azienda viene erogata online. Per tutti gli altri servizi, salvo diversa disposizione, il luogo di esecuzione \u00e8 la sede dell\u2019azienda. <\/li>\n<li>\n<h3>Persone ausiliarie<\/h3>\n<p>Per adempiere ai propri obblighi contrattuali, le parti hanno il diritto esplicito di ricorrere a persone ausiliarie, assicurandosi che ci\u00f2 avvenga nel rispetto di tutte le disposizioni di legge vincolanti, in particolare anche delle disposizioni in materia di protezione dei dati, nonch\u00e9 di eventuali contratti collettivi di lavoro e che gli impegni contrattuali presi nei confronti della clientela e\/o di terzi vengano correttamente assunti. <\/li>\n<\/ol>\n<\/li>\n<li>\n<h3><strong>Stipula del contratto<\/strong><\/h3>\n<p>La clientela ovvero la persona che agisce per suo conto sottopone all\u2019azienda un\u2019offerta vincolante per la stipula del contratto ovvero per la registrazione ai fini dell\u2019acquisto di servizi online, tenendo conto delle presenti CG. Il contratto si perfeziona nel momento in cui l\u2019azienda accetta tale richiesta. Nell\u2019ambito del SIT, la stipula del contratto con l\u2019azienda avviene al momento dell\u2019invio dei dati di login.<br \/>L\u2019azienda si riserva espressamente il diritto di rifiutare una richiesta di stipula di contratto senza addurre motivazioni.    <\/li>\n<li>\n<h3><strong>Registrazione per l\u2019utilizzo del SIT<br \/>\n<\/strong><\/h3>\n<p>Le persone interessate all\u2019utilizzo del SIT stipulano il contratto con l\u2019azienda indipendentemente dalle modalit\u00e0 e dal canale attraverso cui sono venute a conoscenza del SIT. Per la persona, che deve comunicare un indirizzo e-mail e l\u2019organizzazione che rappresenta, viene generato e trasmesso un login. La persona richiedente ha la possibilit\u00e0 di fornire ulteriori informazioni facoltative, che tuttavia non sono necessarie ai fini della registrazione. L\u2019azienda ha il diritto di richiedere ulteriori informazioni, in particolare per quanto riguarda il potere di rappresentanza; tuttavia, non \u00e8 tenuta a farlo e non si assume alcuna responsabilit\u00e0 in merito. L\u2019azienda \u00e8 inoltre libera di rifiutare una richiesta senza indicarne i motivi.    <\/li>\n<li>\n<h3><strong>Licenza<\/strong><\/h3>\n<ol>\n<li>\n<h3>Utilizzo<\/h3>\n<p>L\u2019azienda concede alla clientela il diritto di utilizzare la piattaforma come da contratto. I diritti di utilizzo concessi sono non esclusivi, non trasferibili e limitati all\u2019utilizzo da parte della clientela. Qualsiasi trasferimento di tali diritti a terzi nonch\u00e9 la concessione di sublicenze a terzi e qualsiasi altro utilizzo, commerciale o di altra natura, che esuli dall\u2019ambito dei servizi concordati per contratto, sono vietati senza previo consenso esplicito dell\u2019azienda.  <\/li>\n<li>\n<h3>Limitazione<\/h3>\n<p>Il contenuto concordato per contratto \u00e8 a disposizione della clientela per la durata contrattuale. Allo scadere di tale termine, gli utenti non hanno pi\u00f9 diritto al contenuto e all\u2019utilizzo della piattaforma. <\/li>\n<\/ol>\n<\/li>\n<li>\n<h3><strong>Obblighi della clientela<\/strong><\/h3>\n<ol>\n<li>\n<h3>Esercizio dei diritti di utilizzo<\/h3>\n<p>La clientela \u00e8 tenuta a esercitare i diritti di utilizzo solo nella misura concordata. Con l\u2019accettazione delle presenti CG, gli utenti confermano inoltre di disporre di piena capacit\u00e0 giuridica e di essere maggiorenni nonch\u00e9 che la persona che richiede la registrazione \u00e8 autorizzata dall\u2019istituzione cui appartiene a stipulare il contratto. Con la registrazione, la clientela dichiara espressamente che tutte le informazioni fornite sono veritiere e aggiornate e non violano diritti di terzi, il buon costume e la legge.  <\/li>\n<li>\n<h3>Obblighi di collaborazione<\/h3>\n<p>L\u2019inserimento dei dati ovvero delle informazioni necessarie per la registrazione avviene su base volontaria. Se si desidera, i dati inseriti possono essere cancellati in qualsiasi momento e senza indicarne il motivo, fatta salva l\u2019applicazione degli obblighi di conservazione previsti dalla legge. \u00c8 sufficiente inviare un\u2019e-mail all\u2019indirizzo <a href=\"mailto:SIT@actingresponsibly.com\">rolf@actingresponsibly.com <\/a>, con riserva esplicita di richiesta di un\u2019attestazione dell\u2019identit\u00e0. L\u2019azienda presuppone che le informazioni fornite siano corrette e complete. L\u2019azienda \u00e8 tenuta a verificare la correttezza e la regolarit\u00e0 delle informazioni, dei documenti e dei dati della clientela solo laddove ci\u00f2 sia stato preventivamente concordato per iscritto.     <\/li>\n<li>\n<h3>Altri obblighi<\/h3>\n<p>La clientela \u00e8 pienamente responsabile della conservazione sicura dei dati di accesso e delle password. Gli utenti sono responsabili del contenuto dei dati e delle informazioni registrati.<br \/>L\u2019azienda \u00e8 tuttavia autorizzata a verificare in qualsiasi momento la liceit\u00e0 del contenuto registrato dagli utenti sulla piattaforma online. Ha inoltre la facolt\u00e0 di bloccare l\u2019accesso in caso di sospetto utilizzo improprio.  <\/li>\n<\/ol>\n<\/li>\n<li>\n<h3><strong>Recesso \/ disdetta<br \/>\n<\/strong><\/h3>\n<p>Entrambe le parti hanno il diritto di recedere ovvero di disdire il contratto in qualsiasi momento. La parte che recede \u00e8 tenuta a risarcire integralmente le spese gi\u00e0 sostenute dalla controparte e a indennizzarla. Non \u00e8 consentito recedere in momenti impropri.   <\/li>\n<li>\n<h3><strong>Garanzia \/ esclusioni<\/strong><\/h3>\n<ol>\n<li>\n<h3>Disponibilit\u00e0<\/h3>\n<p>L\u2019azienda si impegna a garantire una buona disponibilit\u00e0 del SIT e adotta misure ragionevoli per proteggerlo da interferenze non autorizzate da parte di terzi.<\/li>\n<li>\n<h3>Esclusione di garanzia<\/h3>\n<p>Tuttavia, non pu\u00f2 garantire che la piattaforma e i servizi offerti funzionino senza interruzioni e malfunzionamenti n\u00e9 che i file siano privi di virus. L\u2019azienda non garantisce la correttezza, la completezza e l\u2019affidabilit\u00e0 oggettive e contenutistiche o la qualit\u00e0 delle informazioni e dei documenti pubblicati o trasmessi. Non pu\u00f2 inoltre fornire alcuna garanzia in merito all\u2019assenza di spamming, malware, spyware, attacchi hacker o di phishing ecc. che compromettano l\u2019utilizzo del servizio, danneggino l\u2019infrastruttura (ad es. terminali, PC) della clientela o arrechino altro danno. L\u2019azienda non pu\u00f2 garantire la correttezza, la completezza e l\u2019affidabilit\u00e0 oggettive e contenutistiche o la qualit\u00e0 delle informazioni e dei processi messi a disposizione, pubblicati o trasmessi n\u00e9 dei risultati del lavoro dei servizi. Eventuali problemi o difetti devono essere segnalati immediatamente all\u2019azienda.    <\/li>\n<\/ol>\n<\/li>\n<li>\n<h3><strong>Protezione dei dati<\/strong><\/h3>\n<p>L\u2019azienda pu\u00f2 trattare e utilizzare i dati acquisiti nell\u2019ambito della stipula del contratto per adempiere agli obblighi derivanti dal contratto stesso. L\u2019azienda adotta le misure necessarie per proteggere i dati in conformit\u00e0 alle disposizioni di legge. La clientela acconsente pienamente alla memorizzazione e all\u2019utilizzo, in conformit\u00e0 al contratto, dei propri dati da parte dell\u2019azienda ed \u00e8 consapevole che l\u2019azienda \u00e8 tenuta e autorizzata, su ordine di tribunali o autorit\u00e0, a divulgare le informazioni dell\u2019utente a questi o a terzi. Salvo espressamente vietato dall\u2019organizzazione, l\u2019azienda pu\u00f2 trasmettere a terzi dati non personali messi a disposizione dall\u2019organizzazione a fini di verifica nonch\u00e9 di sviluppo e miglioramento delle prestazioni dell\u2019organizzazione. Per finalit\u00e0 di comunicazione e pubblicit\u00e0, i dati vengono trasmessi esclusivamente in forma aggregata e anonima. I dati necessari per l\u2019esecuzione dei servizi possono essere trasmessi anche a partner di servizio incaricati o ad altri terzi (responsabili del trattamento, che possono utilizzare i dati solo alle condizioni consentite all\u2019azienda) ai fini dell\u2019adempimento degli obblighi contrattuali.     <\/li>\n<li>\n<h3><strong>Modifiche<\/strong><\/h3>\n<p>Le presenti Condizioni generali possono essere modificate dall\u2019azienda in qualsiasi momento. La nuova versione entra in vigore con la pubblicazione sul sito web dell\u2019azienda.<br \/>Per la clientela si applica in linea di principio la versione delle CG in vigore al momento della stipula del contratto, salvo laddove questa abbia espressamente acconsentito a una versione pi\u00f9 recente delle stesse. <\/li>\n<li>\n<h3><strong>Priorit\u00e0<\/strong><\/h3>\n<p>Le presenti CG prevalgono su tutte le disposizioni e i contratti precedenti. Solo le disposizioni che derivano da contratti individuali e specificano ulteriormente le disposizioni delle presenti CG hanno la precedenza su queste ultime. <\/li>\n<li>\n<h3><strong>Clausola salvatoria<br \/>\n<\/strong><\/h3>\n<p>L\u2019eventuale nullit\u00e0 di una disposizione del presente contratto o di un suo allegato non pregiudica la validit\u00e0 del resto del contratto. Le parti contraenti sostituiranno la disposizione inefficace con una disposizione efficace che si avvicini il pi\u00f9 possibile alla finalit\u00e0 economica perseguita dalla disposizione non valida. Lo stesso vale anche per eventuali lacune del contratto.  <\/li>\n<li>\n<h3><strong>Riservatezza<\/strong><\/h3>\n<p>Entrambe le parti, cos\u00ec come le relative persone ausiliarie, si impegnano a trattare con riservatezza tutte le informazioni fornite o acquisite in relazione ai servizi. Tale obbligo permane anche dopo la risoluzione del contratto. <\/li>\n<li>\n<h3><strong>Forza maggiore<br \/>\n<\/strong><\/h3>\n<p>Qualora l\u2019adempimento tempestivo da parte dell\u2019azienda, dei suoi fornitori o di terzi coinvolti sia reso impossibile per cause di forza maggiore come, ad esempio, catastrofi naturali, terremoti, eruzioni vulcaniche, valanghe, maltempo, temporali, tempeste, guerre, disordini, rivoluzioni e insurrezioni, terrorismo, sabotaggio, scioperi, incidenti nucleari ovvero danni a reattori, l\u2019azienda \u00e8 esonerata dall\u2019adempimento degli obblighi interessati per la durata della situazione di forza maggiore e per un ragionevole periodo iniziale dopo la sua fine. Se l\u2019evento di forza maggiore perdura pi\u00f9 di 30 giorni, l\u2019azienda pu\u00f2 recedere dal contratto. L\u2019azienda deve rimborsare integralmente alla clientela i pagamenti gi\u00e0 effettuati.<br \/>Sono escluse ulteriori rivendicazioni, in particolare richieste di risarcimento danni per cause di forza maggiore.   <\/li>\n<li>\n<h3><strong>Diritto applicabile \/ foro competente<br \/>\n<\/strong><\/h3>\n<p>Le presenti CG sono disciplinate dal diritto svizzero. Salvo laddove prevalgano disposizioni di legge vincolanti, il foro competente \u00e8 il foro della sede dell\u2019azienda. \u00c8 esplicitamente esclusa la Convenzione delle Nazioni Unite sui contratti di vendita internazionale di merci (RS 0.221.221.1).  <\/li>\n<\/ol>\n","protected":false},"excerpt":{"rendered":"<p>Ambito di applicazione Le presenti Condizioni generali (\u00abCG\u00bb) si applicano all\u2019ambito di attivit\u00e0 di acting responsibly AG, Blumenrain 50, 2503 Biel\/Bienne (CHE-488.297.367, di seguito \u00abazienda\u00bb) e, in particolare, all\u2019utilizzo del cosiddetto Sustainable Impact Tool (di seguito \u00abSIT\u00bb). L\u2019azienda possiede e gestisce la piattaforma www.sustainable-events.com (di seguito \u00abpiattaforma\u00bb) ed eroga tramite essa servizi a pagamento e <a href=\"https:\/\/sustainable-impact-tool.info\/it\/condizioni-generali-cg\/\" class=\"more-link\">&#8230;<span class=\"screen-reader-text\">  Condizioni generali (CG)<\/span><\/a><\/p>\n","protected":false},"author":2,"featured_media":0,"parent":0,"menu_order":0,"comment_status":"closed","ping_status":"closed","template":"","meta":{"_acf_changed":false,"footnotes":""},"class_list":["post-424","page","type-page","status-publish","hentry"],"acf":[],"yoast_head":"<!-- This site is optimized with the Yoast SEO plugin v26.2 - https:\/\/yoast.com\/wordpress\/plugins\/seo\/ -->\n<title>Condizioni generali (CG) - Sustainable Impact Tool<\/title>\n<meta name=\"robots\" content=\"index, follow, max-snippet:-1, max-image-preview:large, max-video-preview:-1\" \/>\n<link rel=\"canonical\" href=\"https:\/\/sustainable-impact-tool.info\/it\/condizioni-generali-cg\/\" \/>\n<meta property=\"og:locale\" content=\"it_IT\" \/>\n<meta property=\"og:type\" content=\"article\" \/>\n<meta property=\"og:title\" content=\"Condizioni generali (CG) - Sustainable Impact Tool\" \/>\n<meta property=\"og:description\" content=\"Ambito di applicazione Le presenti Condizioni generali (\u00abCG\u00bb) si applicano all\u2019ambito di attivit\u00e0 di acting responsibly AG, Blumenrain 50, 2503 Biel\/Bienne (CHE-488.297.367, di seguito \u00abazienda\u00bb) e, in particolare, all\u2019utilizzo del cosiddetto Sustainable Impact Tool (di seguito \u00abSIT\u00bb). L\u2019azienda possiede e gestisce la piattaforma www.sustainable-events.com (di seguito \u00abpiattaforma\u00bb) ed eroga tramite essa servizi a pagamento e ... Condizioni generali (CG)\" \/>\n<meta property=\"og:url\" content=\"https:\/\/sustainable-impact-tool.info\/it\/condizioni-generali-cg\/\" \/>\n<meta property=\"og:site_name\" content=\"Sustainable Impact Tool\" \/>\n<meta property=\"article:modified_time\" content=\"2025-11-10T17:48:00+00:00\" \/>\n<meta name=\"twitter:card\" content=\"summary_large_image\" \/>\n<meta name=\"twitter:label1\" content=\"Tempo di lettura stimato\" \/>\n\t<meta name=\"twitter:data1\" content=\"8 minuti\" \/>\n<script type=\"application\/ld+json\" class=\"yoast-schema-graph\">{\"@context\":\"https:\/\/schema.org\",\"@graph\":[{\"@type\":\"WebPage\",\"@id\":\"https:\/\/sustainable-impact-tool.info\/it\/condizioni-generali-cg\/\",\"url\":\"https:\/\/sustainable-impact-tool.info\/it\/condizioni-generali-cg\/\",\"name\":\"Condizioni generali (CG) - Sustainable Impact Tool\",\"isPartOf\":{\"@id\":\"https:\/\/sustainable-impact-tool.info\/it\/#website\"},\"datePublished\":\"2025-10-31T06:21:37+00:00\",\"dateModified\":\"2025-11-10T17:48:00+00:00\",\"breadcrumb\":{\"@id\":\"https:\/\/sustainable-impact-tool.info\/it\/condizioni-generali-cg\/#breadcrumb\"},\"inLanguage\":\"it-IT\",\"potentialAction\":[{\"@type\":\"ReadAction\",\"target\":[\"https:\/\/sustainable-impact-tool.info\/it\/condizioni-generali-cg\/\"]}]},{\"@type\":\"BreadcrumbList\",\"@id\":\"https:\/\/sustainable-impact-tool.info\/it\/condizioni-generali-cg\/#breadcrumb\",\"itemListElement\":[{\"@type\":\"ListItem\",\"position\":1,\"name\":\"Home\",\"item\":\"https:\/\/sustainable-impact-tool.info\/it\/home-page\/\"},{\"@type\":\"ListItem\",\"position\":2,\"name\":\"Condizioni generali (CG)\"}]},{\"@type\":\"WebSite\",\"@id\":\"https:\/\/sustainable-impact-tool.info\/it\/#website\",\"url\":\"https:\/\/sustainable-impact-tool.info\/it\/\",\"name\":\"Sustainable Impact Tool\",\"description\":\"\",\"potentialAction\":[{\"@type\":\"SearchAction\",\"target\":{\"@type\":\"EntryPoint\",\"urlTemplate\":\"https:\/\/sustainable-impact-tool.info\/it\/?s={search_term_string}\"},\"query-input\":{\"@type\":\"PropertyValueSpecification\",\"valueRequired\":true,\"valueName\":\"search_term_string\"}}],\"inLanguage\":\"it-IT\"}]}<\/script>\n<!-- \/ Yoast SEO plugin. -->","yoast_head_json":{"title":"Condizioni generali (CG) - Sustainable Impact Tool","robots":{"index":"index","follow":"follow","max-snippet":"max-snippet:-1","max-image-preview":"max-image-preview:large","max-video-preview":"max-video-preview:-1"},"canonical":"https:\/\/sustainable-impact-tool.info\/it\/condizioni-generali-cg\/","og_locale":"it_IT","og_type":"article","og_title":"Condizioni generali (CG) - Sustainable Impact Tool","og_description":"Ambito di applicazione Le presenti Condizioni generali (\u00abCG\u00bb) si applicano all\u2019ambito di attivit\u00e0 di acting responsibly AG, Blumenrain 50, 2503 Biel\/Bienne (CHE-488.297.367, di seguito \u00abazienda\u00bb) e, in particolare, all\u2019utilizzo del cosiddetto Sustainable Impact Tool (di seguito \u00abSIT\u00bb). L\u2019azienda possiede e gestisce la piattaforma www.sustainable-events.com (di seguito \u00abpiattaforma\u00bb) ed eroga tramite essa servizi a pagamento e ... Condizioni generali (CG)","og_url":"https:\/\/sustainable-impact-tool.info\/it\/condizioni-generali-cg\/","og_site_name":"Sustainable Impact Tool","article_modified_time":"2025-11-10T17:48:00+00:00","twitter_card":"summary_large_image","twitter_misc":{"Tempo di lettura stimato":"8 minuti"},"schema":{"@context":"https:\/\/schema.org","@graph":[{"@type":"WebPage","@id":"https:\/\/sustainable-impact-tool.info\/it\/condizioni-generali-cg\/","url":"https:\/\/sustainable-impact-tool.info\/it\/condizioni-generali-cg\/","name":"Condizioni generali (CG) - Sustainable Impact Tool","isPartOf":{"@id":"https:\/\/sustainable-impact-tool.info\/it\/#website"},"datePublished":"2025-10-31T06:21:37+00:00","dateModified":"2025-11-10T17:48:00+00:00","breadcrumb":{"@id":"https:\/\/sustainable-impact-tool.info\/it\/condizioni-generali-cg\/#breadcrumb"},"inLanguage":"it-IT","potentialAction":[{"@type":"ReadAction","target":["https:\/\/sustainable-impact-tool.info\/it\/condizioni-generali-cg\/"]}]},{"@type":"BreadcrumbList","@id":"https:\/\/sustainable-impact-tool.info\/it\/condizioni-generali-cg\/#breadcrumb","itemListElement":[{"@type":"ListItem","position":1,"name":"Home","item":"https:\/\/sustainable-impact-tool.info\/it\/home-page\/"},{"@type":"ListItem","position":2,"name":"Condizioni generali (CG)"}]},{"@type":"WebSite","@id":"https:\/\/sustainable-impact-tool.info\/it\/#website","url":"https:\/\/sustainable-impact-tool.info\/it\/","name":"Sustainable Impact Tool","description":"","potentialAction":[{"@type":"SearchAction","target":{"@type":"EntryPoint","urlTemplate":"https:\/\/sustainable-impact-tool.info\/it\/?s={search_term_string}"},"query-input":{"@type":"PropertyValueSpecification","valueRequired":true,"valueName":"search_term_string"}}],"inLanguage":"it-IT"}]}},"_links":{"self":[{"href":"https:\/\/sustainable-impact-tool.info\/it\/wp-json\/wp\/v2\/pages\/424","targetHints":{"allow":["GET"]}}],"collection":[{"href":"https:\/\/sustainable-impact-tool.info\/it\/wp-json\/wp\/v2\/pages"}],"about":[{"href":"https:\/\/sustainable-impact-tool.info\/it\/wp-json\/wp\/v2\/types\/page"}],"author":[{"embeddable":true,"href":"https:\/\/sustainable-impact-tool.info\/it\/wp-json\/wp\/v2\/users\/2"}],"replies":[{"embeddable":true,"href":"https:\/\/sustainable-impact-tool.info\/it\/wp-json\/wp\/v2\/comments?post=424"}],"version-history":[{"count":1,"href":"https:\/\/sustainable-impact-tool.info\/it\/wp-json\/wp\/v2\/pages\/424\/revisions"}],"predecessor-version":[{"id":447,"href":"https:\/\/sustainable-impact-tool.info\/it\/wp-json\/wp\/v2\/pages\/424\/revisions\/447"}],"wp:attachment":[{"href":"https:\/\/sustainable-impact-tool.info\/it\/wp-json\/wp\/v2\/media?parent=424"}],"curies":[{"name":"wp","href":"https:\/\/api.w.org\/{rel}","templated":true}]}}